{"id":27709,"date":"2025-03-01T20:46:07","date_gmt":"2025-03-01T19:46:07","guid":{"rendered":"https:\/\/nscristiandad.es\/?page_id=27709"},"modified":"2026-02-22T23:45:41","modified_gmt":"2026-02-22T22:45:41","slug":"formacion","status":"publish","type":"page","link":"https:\/\/nscristiandad.es\/fr\/formacion\/","title":{"rendered":"Formaci\u00f3n"},"content":{"rendered":"\t\t<div data-elementor-type=\"wp-page\" data-elementor-id=\"27709\" class=\"elementor elementor-27709\" data-elementor-post-type=\"page\">\n\t\t\t\t\t\t<section class=\"elementor-section elementor-top-section elementor-element elementor-element-a1c8781 elementor-section-full_width elementor-section-height-min-height elementor-section-items-stretch elementor-section-stretched elementor-section-height-default elementor-invisible\" data-id=\"a1c8781\" data-element_type=\"section\" data-e-type=\"section\" data-settings=\"{&quot;background_background&quot;:&quot;classic&quot;,&quot;animation&quot;:&quot;fadeInDown&quot;,&quot;stretch_section&quot;:&quot;section-stretched&quot;}\">\n\t\t\t\t\t\t\t<div class=\"elementor-background-overlay\"><\/div>\n\t\t\t\t\t\t\t<div class=\"elementor-container elementor-column-gap-default\">\n\t\t\t\t\t<div class=\"elementor-column elementor-col-100 elementor-top-column elementor-element elementor-element-60ab8fb\" data-id=\"60ab8fb\" data-element_type=\"column\" data-e-type=\"column\">\n\t\t\t<div class=\"elementor-widget-wrap elementor-element-populated\">\n\t\t\t\t\t\t<div class=\"elementor-element elementor-element-71cbda2 elementor-invisible elementor-widget elementor-widget-heading\" data-id=\"71cbda2\" data-element_type=\"widget\" data-e-type=\"widget\" data-settings=\"{&quot;_animation&quot;:&quot;slideInDown&quot;}\" data-widget_type=\"heading.default\">\n\t\t\t\t<div class=\"elementor-widget-container\">\n\t\t\t\t\t<h3 class=\"elementor-heading-title elementor-size-large\">Formation<\/h3>\t\t\t\t<\/div>\n\t\t\t\t<\/div>\n\t\t\t\t\t<\/div>\n\t\t<\/div>\n\t\t\t\t\t<\/div>\n\t\t<\/section>\n\t\t\t\t<section class=\"elementor-section elementor-top-section elementor-element elementor-element-8db637e elementor-section-boxed elementor-section-height-default elementor-section-height-default\" data-id=\"8db637e\" data-element_type=\"section\" data-e-type=\"section\">\n\t\t\t\t\t\t<div class=\"elementor-container elementor-column-gap-default\">\n\t\t\t\t\t<div class=\"elementor-column elementor-col-100 elementor-top-column elementor-element elementor-element-b01bf08\" data-id=\"b01bf08\" data-element_type=\"column\" data-e-type=\"column\">\n\t\t\t<div class=\"elementor-widget-wrap elementor-element-populated\">\n\t\t\t\t\t\t<div class=\"elementor-element elementor-element-693a489 elementor-grid-2 elementor-grid-tablet-2 elementor-grid-mobile-1 elementor-posts--thumbnail-top elementor-card-shadow-yes elementor-posts__hover-gradient elementor-widget elementor-widget-posts\" data-id=\"693a489\" data-element_type=\"widget\" data-e-type=\"widget\" data-settings=\"{&quot;cards_columns&quot;:&quot;2&quot;,&quot;pagination_type&quot;:&quot;numbers_and_prev_next&quot;,&quot;cards_columns_tablet&quot;:&quot;2&quot;,&quot;cards_columns_mobile&quot;:&quot;1&quot;,&quot;cards_row_gap&quot;:{&quot;unit&quot;:&quot;px&quot;,&quot;size&quot;:35,&quot;sizes&quot;:[]},&quot;cards_row_gap_tablet&quot;:{&quot;unit&quot;:&quot;px&quot;,&quot;size&quot;:&quot;&quot;,&quot;sizes&quot;:[]},&quot;cards_row_gap_mobile&quot;:{&quot;unit&quot;:&quot;px&quot;,&quot;size&quot;:&quot;&quot;,&quot;sizes&quot;:[]}}\" data-widget_type=\"posts.cards\">\n\t\t\t\t<div class=\"elementor-widget-container\">\n\t\t\t\t\t\t\t<div class=\"elementor-posts-container elementor-posts elementor-posts--skin-cards elementor-grid\" role=\"list\">\n\t\t\t\t<article class=\"elementor-post elementor-grid-item post-34612 post type-post status-publish format-standard has-post-thumbnail hentry category-boletin category-formacion\" role=\"listitem\">\n\t\t\t<div class=\"elementor-post__card\">\n\t\t\t\t<a class=\"elementor-post__thumbnail__link\" href=\"https:\/\/nscristiandad.es\/fr\/el-ofertorio-proleptico-en-lasdiferentes-tradiciones-liturgicas\/\" tabindex=\"-1\"><div class=\"elementor-post__thumbnail\"><img fetchpriority=\"high\" decoding=\"async\" width=\"1080\" height=\"1080\" src=\"https:\/\/nscristiandad.es\/wp-content\/uploads\/2026\/03\/IMG_3167.png\" class=\"attachment-full size-full wp-image-34648\" alt=\"\" srcset=\"https:\/\/nscristiandad.es\/wp-content\/uploads\/2026\/03\/IMG_3167.png 1080w, https:\/\/nscristiandad.es\/wp-content\/uploads\/2026\/03\/IMG_3167-300x300.png 300w, https:\/\/nscristiandad.es\/wp-content\/uploads\/2026\/03\/IMG_3167-1024x1024.png 1024w, https:\/\/nscristiandad.es\/wp-content\/uploads\/2026\/03\/IMG_3167-150x150.png 150w, https:\/\/nscristiandad.es\/wp-content\/uploads\/2026\/03\/IMG_3167-768x768.png 768w\" sizes=\"(max-width: 1080px) 100vw, 1080px\" \/><\/div><\/a>\n\t\t\t\t<div class=\"elementor-post__badge\">Bolet\u00edn<\/div>\n\t\t\t\t<div class=\"elementor-post__text\">\n\t\t\t\t<h1 class=\"elementor-post__title\">\n\t\t\t<a href=\"https:\/\/nscristiandad.es\/fr\/el-ofertorio-proleptico-en-lasdiferentes-tradiciones-liturgicas\/\">\n\t\t\t\tEl ofertorio prol\u00e9ptico en las diferentes tradiciones lit\u00fargicas\t\t\t<\/a>\n\t\t<\/h1>\n\t\t\t\t<div class=\"elementor-post__excerpt\">\n\t\t\t<p>El ofertorio prol\u00e9ptico en las diferentes tradiciones lit\u00fargicas Art\u00edculo del CIEL, por Rev. D. Gabriel Diaz Patri La Eucarist\u00eda, Jan van Kessel el Viejo, 1664. Agradecemos la generosidad del Centro Internacional de Estudios Lit\u00fargicos (CIEL) por el permiso para publicar este art\u00edculo, fruto de una conferencia del XV Coloquio de<\/p>\n\t\t<\/div>\n\t\t\t\t\t<div class=\"elementor-post__read-more-wrapper\">\n\t\t\n\t\t<a class=\"elementor-post__read-more\" href=\"https:\/\/nscristiandad.es\/fr\/el-ofertorio-proleptico-en-lasdiferentes-tradiciones-liturgicas\/\" aria-label=\"En savoir plus sur El ofertorio prol\u00e9ptico en las diferentes tradiciones lit\u00fargicas\" tabindex=\"-1\">\n\t\t\tLeer m\u00e1s \t\t<\/a>\n\n\t\t\t\t\t<\/div>\n\t\t\t\t<\/div>\n\t\t\t\t<div class=\"elementor-post__meta-data\">\n\t\t\t\t\t<span class=\"elementor-post-date\">\n\t\t\t18\/03\/2026\t\t<\/span>\n\t\t\t\t<\/div>\n\t\t\t\t\t<\/div>\n\t\t<\/article>\n\t\t\t\t<article class=\"elementor-post elementor-grid-item post-34417 post type-post status-publish format-standard has-post-thumbnail hentry category-boletin category-formacion\" role=\"listitem\">\n\t\t\t<div class=\"elementor-post__card\">\n\t\t\t\t<a class=\"elementor-post__thumbnail__link\" href=\"https:\/\/nscristiandad.es\/fr\/pathos-iv\/\" tabindex=\"-1\"><div class=\"elementor-post__thumbnail\"><img decoding=\"async\" width=\"1080\" height=\"1080\" src=\"https:\/\/nscristiandad.es\/wp-content\/uploads\/2026\/02\/IMG_2759.png\" class=\"attachment-full size-full wp-image-34594\" alt=\"\" srcset=\"https:\/\/nscristiandad.es\/wp-content\/uploads\/2026\/02\/IMG_2759.png 1080w, https:\/\/nscristiandad.es\/wp-content\/uploads\/2026\/02\/IMG_2759-300x300.png 300w, https:\/\/nscristiandad.es\/wp-content\/uploads\/2026\/02\/IMG_2759-1024x1024.png 1024w, https:\/\/nscristiandad.es\/wp-content\/uploads\/2026\/02\/IMG_2759-150x150.png 150w, https:\/\/nscristiandad.es\/wp-content\/uploads\/2026\/02\/IMG_2759-768x768.png 768w\" sizes=\"(max-width: 1080px) 100vw, 1080px\" \/><\/div><\/a>\n\t\t\t\t<div class=\"elementor-post__badge\">Bolet\u00edn<\/div>\n\t\t\t\t<div class=\"elementor-post__text\">\n\t\t\t\t<h1 class=\"elementor-post__title\">\n\t\t\t<a href=\"https:\/\/nscristiandad.es\/fr\/pathos-iv\/\">\n\t\t\t\t\u00bfPathos en Dios? Una aproximaci\u00f3n hist\u00f3rica: modernidad filos\u00f3fica\t\t\t<\/a>\n\t\t<\/h1>\n\t\t\t\t<div class=\"elementor-post__excerpt\">\n\t\t\t<p>D. Gabriel Orejas Iriarte, Universidad Francisco de Vitoria<br \/> En la Edad Moderna ocurre el gran giro que sentar\u00e1 las bases para un cambio de parecer en el tema de la pasibilidad\/impasibilidad de Dios1. En los cap\u00edtulos anteriores, se ha visto que la tesis de la impasibilidad divina, entendida como\t\t<\/div>\n\t\t\t\t\t<div class=\"elementor-post__read-more-wrapper\">\n\t\t\n\t\t<a class=\"elementor-post__read-more\" href=\"https:\/\/nscristiandad.es\/fr\/pathos-iv\/\" aria-label=\"En savoir plus sur \u00bfPathos en Dios? Una aproximaci\u00f3n hist\u00f3rica: modernidad filos\u00f3fica\" tabindex=\"-1\">\n\t\t\tLeer m\u00e1s \t\t<\/a>\n\n\t\t\t\t\t<\/div>\n\t\t\t\t<\/div>\n\t\t\t\t<div class=\"elementor-post__meta-data\">\n\t\t\t\t\t<span class=\"elementor-post-date\">\n\t\t\t18\/02\/2026\t\t<\/span>\n\t\t\t\t<\/div>\n\t\t\t\t\t<\/div>\n\t\t<\/article>\n\t\t\t\t<article class=\"elementor-post elementor-grid-item post-34188 post type-post status-publish format-standard has-post-thumbnail hentry category-boletin category-formacion\" role=\"listitem\">\n\t\t\t<div class=\"elementor-post__card\">\n\t\t\t\t<a class=\"elementor-post__thumbnail__link\" href=\"https:\/\/nscristiandad.es\/fr\/pathos-en-dios\/\" tabindex=\"-1\"><div class=\"elementor-post__thumbnail\"><img decoding=\"async\" width=\"1080\" height=\"1080\" src=\"https:\/\/nscristiandad.es\/wp-content\/uploads\/2026\/01\/IMG_2026.png\" class=\"attachment-full size-full wp-image-34190\" alt=\"\" srcset=\"https:\/\/nscristiandad.es\/wp-content\/uploads\/2026\/01\/IMG_2026.png 1080w, https:\/\/nscristiandad.es\/wp-content\/uploads\/2026\/01\/IMG_2026-300x300.png 300w, https:\/\/nscristiandad.es\/wp-content\/uploads\/2026\/01\/IMG_2026-1024x1024.png 1024w, https:\/\/nscristiandad.es\/wp-content\/uploads\/2026\/01\/IMG_2026-150x150.png 150w, https:\/\/nscristiandad.es\/wp-content\/uploads\/2026\/01\/IMG_2026-768x768.png 768w\" sizes=\"(max-width: 1080px) 100vw, 1080px\" \/><\/div><\/a>\n\t\t\t\t<div class=\"elementor-post__badge\">Bolet\u00edn<\/div>\n\t\t\t\t<div class=\"elementor-post__text\">\n\t\t\t\t<h1 class=\"elementor-post__title\">\n\t\t\t<a href=\"https:\/\/nscristiandad.es\/fr\/pathos-en-dios\/\">\n\t\t\t\t\u00bfPathos en Dios? Una aproximaci\u00f3n hist\u00f3rica: \u00e9poca medieval\t\t\t<\/a>\n\t\t<\/h1>\n\t\t\t\t<div class=\"elementor-post__excerpt\">\n\t\t\t<p>D. Gabriel Orejas Iriarte, Universidad Francisco de Vitoria<br \/> En el per\u00edodo medieval se dio una profundizaci\u00f3n y desarrollo de las ideas patr\u00edsticas. Como en la \u00e9poca anterior, la cuesti\u00f3n de la pasibilidad\/impasibilidad divina no fue un objeto de estudio directo, sino que se deduc\u00eda de los estudios filos\u00f3ficos y\t\t<\/div>\n\t\t\t\t\t<div class=\"elementor-post__read-more-wrapper\">\n\t\t\n\t\t<a class=\"elementor-post__read-more\" href=\"https:\/\/nscristiandad.es\/fr\/pathos-en-dios\/\" aria-label=\"En savoir plus sur \u00bfPathos en Dios? Una aproximaci\u00f3n hist\u00f3rica: \u00e9poca medieval\" tabindex=\"-1\">\n\t\t\tLeer m\u00e1s \t\t<\/a>\n\n\t\t\t\t\t<\/div>\n\t\t\t\t<\/div>\n\t\t\t\t<div class=\"elementor-post__meta-data\">\n\t\t\t\t\t<span class=\"elementor-post-date\">\n\t\t\t23\/01\/2026\t\t<\/span>\n\t\t\t\t<\/div>\n\t\t\t\t\t<\/div>\n\t\t<\/article>\n\t\t\t\t<article class=\"elementor-post elementor-grid-item post-33617 post type-post status-publish format-standard has-post-thumbnail hentry category-boletin category-formacion\" role=\"listitem\">\n\t\t\t<div class=\"elementor-post__card\">\n\t\t\t\t<a class=\"elementor-post__thumbnail__link\" href=\"https:\/\/nscristiandad.es\/fr\/pathos-ii\/\" tabindex=\"-1\"><div class=\"elementor-post__thumbnail\"><img loading=\"lazy\" decoding=\"async\" width=\"1080\" height=\"1080\" src=\"https:\/\/nscristiandad.es\/wp-content\/uploads\/2025\/10\/IMG_0048.png\" class=\"attachment-full size-full wp-image-33620\" alt=\"\" srcset=\"https:\/\/nscristiandad.es\/wp-content\/uploads\/2025\/10\/IMG_0048.png 1080w, https:\/\/nscristiandad.es\/wp-content\/uploads\/2025\/10\/IMG_0048-300x300.png 300w, https:\/\/nscristiandad.es\/wp-content\/uploads\/2025\/10\/IMG_0048-1024x1024.png 1024w, https:\/\/nscristiandad.es\/wp-content\/uploads\/2025\/10\/IMG_0048-150x150.png 150w, https:\/\/nscristiandad.es\/wp-content\/uploads\/2025\/10\/IMG_0048-768x768.png 768w\" sizes=\"(max-width: 1080px) 100vw, 1080px\" \/><\/div><\/a>\n\t\t\t\t<div class=\"elementor-post__badge\">Bolet\u00edn<\/div>\n\t\t\t\t<div class=\"elementor-post__text\">\n\t\t\t\t<h1 class=\"elementor-post__title\">\n\t\t\t<a href=\"https:\/\/nscristiandad.es\/fr\/pathos-ii\/\">\n\t\t\t\t\u00bfPathos en Dios? Una aproximaci\u00f3n hist\u00f3rica inicial\t\t\t<\/a>\n\t\t<\/h1>\n\t\t\t\t<div class=\"elementor-post__excerpt\">\n\t\t\t<p>D. Gabriel Orejas Iriarte, Universidad Francisco de Vitoria<\/p> <p>El primer per\u00edodo, y el m\u00e1s importante, es la \u00e9poca patr\u00edstica. Su capitalidad radica en que los Padres de la Iglesia depuraron y desarrollaron la reflexi\u00f3n teol\u00f3gica de la Revelaci\u00f3n. De esta manera, marcaron el camino para el pensamiento posterior y discernieron\t\t<\/div>\n\t\t\t\t\t<div class=\"elementor-post__read-more-wrapper\">\n\t\t\n\t\t<a class=\"elementor-post__read-more\" href=\"https:\/\/nscristiandad.es\/fr\/pathos-ii\/\" aria-label=\"En savoir plus sur \u00bfPathos en Dios? Una aproximaci\u00f3n hist\u00f3rica inicial\" tabindex=\"-1\">\n\t\t\tLeer m\u00e1s \t\t<\/a>\n\n\t\t\t\t\t<\/div>\n\t\t\t\t<\/div>\n\t\t\t\t<div class=\"elementor-post__meta-data\">\n\t\t\t\t\t<span class=\"elementor-post-date\">\n\t\t\t18\/10\/2025\t\t<\/span>\n\t\t\t\t<\/div>\n\t\t\t\t\t<\/div>\n\t\t<\/article>\n\t\t\t\t<\/div>\n\t\t\n\t\t\t\t\t\t<\/div>\n\t\t\t\t<\/div>\n\t\t\t\t\t<\/div>\n\t\t<\/div>\n\t\t\t\t\t<\/div>\n\t\t<\/section>\n\t\t\t\t<\/div>\n\t\t","protected":false},"excerpt":{"rendered":"<p>\u00bfPATHOS EN DIOS? UNA APROXIMACI\u00d3N HIST\u00d3RICA INICIAL (II) D. Gabriel Orejas Iriarte, Universidad Francisco de Vitoria Los Cuatro Padres de la Iglesia Latina, Louis Cousin, 1635. Extra\u00eddo de Wikimedia Commons. El primer per\u00edodo, y el m\u00e1s importante, es la \u00e9poca patr\u00edstica. Su capitalidad radica en que los Padres de la Iglesia depuraron y desarrollaron la [&hellip;]<\/p>\n","protected":false},"author":3,"featured_media":26008,"parent":0,"menu_order":0,"comment_status":"closed","ping_status":"closed","template":"","meta":{"site-sidebar-layout":"no-sidebar","site-content-layout":"page-builder","ast-site-content-layout":"full-width-container","site-content-style":"default","site-sidebar-style":"default","ast-global-header-display":"","ast-banner-title-visibility":"","ast-main-header-display":"","ast-hfb-above-header-display":"","ast-hfb-below-header-display":"","ast-hfb-mobile-header-display":"","site-post-title":"disabled","ast-breadcrumbs-content":"","ast-featured-img":"disabled","footer-sml-layout":"","ast-disable-related-posts":"","theme-transparent-header-meta":"","adv-header-id-meta":"","stick-header-meta":"","header-above-stick-meta":"","header-main-stick-meta":"","header-below-stick-meta":"","astra-migrate-meta-layouts":"set","ast-page-background-enabled":"default","ast-page-background-meta":{"desktop":{"background-color":"","background-image":"","background-repeat":"repeat","background-position":"center center","background-size":"auto","background-attachment":"scroll","background-type":"","background-media":"","overlay-type":"","overlay-color":"","overlay-opacity":"","overlay-gradient":""},"tablet":{"background-color":"","background-image":"","background-repeat":"repeat","background-position":"center center","background-size":"auto","background-attachment":"scroll","background-type":"","background-media":"","overlay-type":"","overlay-color":"","overlay-opacity":"","overlay-gradient":""},"mobile":{"background-color":"","background-image":"","background-repeat":"repeat","background-position":"center center","background-size":"auto","background-attachment":"scroll","background-type":"","background-media":"","overlay-type":"","overlay-color":"","overlay-opacity":"","overlay-gradient":""}},"ast-content-background-meta":{"desktop":{"background-color":"var(--ast-global-color-5)","background-image":"","background-repeat":"repeat","background-position":"center center","background-size":"auto","background-attachment":"scroll","background-type":"","background-media":"","overlay-type":"","overlay-color":"","overlay-opacity":"","overlay-gradient":""},"tablet":{"background-color":"var(--ast-global-color-5)","background-image":"","background-repeat":"repeat","background-position":"center center","background-size":"auto","background-attachment":"scroll","background-type":"","background-media":"","overlay-type":"","overlay-color":"","overlay-opacity":"","overlay-gradient":""},"mobile":{"background-color":"var(--ast-global-color-5)","background-image":"","background-repeat":"repeat","background-position":"center center","background-size":"auto","background-attachment":"scroll","background-type":"","background-media":"","overlay-type":"","overlay-color":"","overlay-opacity":"","overlay-gradient":""}},"footnotes":""},"class_list":["post-27709","page","type-page","status-publish","has-post-thumbnail","hentry"],"_links":{"self":[{"href":"https:\/\/nscristiandad.es\/fr\/wp-json\/wp\/v2\/pages\/27709","targetHints":{"allow":["GET"]}}],"collection":[{"href":"https:\/\/nscristiandad.es\/fr\/wp-json\/wp\/v2\/pages"}],"about":[{"href":"https:\/\/nscristiandad.es\/fr\/wp-json\/wp\/v2\/types\/page"}],"author":[{"embeddable":true,"href":"https:\/\/nscristiandad.es\/fr\/wp-json\/wp\/v2\/users\/3"}],"replies":[{"embeddable":true,"href":"https:\/\/nscristiandad.es\/fr\/wp-json\/wp\/v2\/comments?post=27709"}],"version-history":[{"count":0,"href":"https:\/\/nscristiandad.es\/fr\/wp-json\/wp\/v2\/pages\/27709\/revisions"}],"wp:featuredmedia":[{"embeddable":true,"href":"https:\/\/nscristiandad.es\/fr\/wp-json\/wp\/v2\/media\/26008"}],"wp:attachment":[{"href":"https:\/\/nscristiandad.es\/fr\/wp-json\/wp\/v2\/media?parent=27709"}],"curies":[{"name":"wp","href":"https:\/\/api.w.org\/{rel}","templated":true}]}}